{"id":23,"date":"2016-11-19T15:02:40","date_gmt":"2016-11-19T14:02:40","guid":{"rendered":"http:\/\/test.u-hoelzel.com\/?page_id=23"},"modified":"2024-04-19T19:37:25","modified_gmt":"2024-04-19T17:37:25","slug":"psychologische-beratung","status":"publish","type":"page","link":"https:\/\/heidi-yoga.de\/wordpress\/psychologische-beratung\/","title":{"rendered":"Hypnose | Psychologische Beratung"},"content":{"rendered":"<div id=\"pl-23\"  class=\"panel-layout\" ><div id=\"pg-23-0\"  class=\"panel-grid panel-no-style\" ><div id=\"pgc-23-0-0\"  class=\"panel-grid-cell\" ><p><img decoding=\"async\" src=\"https:\/\/heidi-yoga.de\/wordpress\/wp-content\/uploads\/2016\/12\/p_h.jpg\" alt=\"\" \/ ><\/p><\/div><\/div><div id=\"pg-23-1\"  class=\"panel-grid panel-has-style\" ><div class=\"panel-row-style panel-row-style-for-23-1\" ><div id=\"pgc-23-1-0\"  class=\"panel-grid-cell\" ><div id=\"panel-23-1-0-0\" class=\"so-panel widget widget_sow-editor panel-first-child panel-last-child\" data-index=\"1\" ><div\n\t\t\t\n\t\t\tclass=\"so-widget-sow-editor so-widget-sow-editor-base\"\n\t\t\t\n\t\t>\n<div class=\"siteorigin-widget-tinymce textwidget\">\n\t<h3>Thema Hypnose<\/h3>\n<p class=\"subhead\"><strong>Hypnose\/Hypnotische Tiefenentspannung:<\/strong><\/p>\n<p class=\"textflie\u00df\">Die Hypnose ist ein wissenschaftlich anerkanntes Verfahren, durch das ein ver\u00e4nderter Bewusstseins- oder Gehirnaktivit\u00e4tszustand erreicht werden kann. Dieser kann unterschiedliche Auswirkungen haben. Messungen mit EEG, PET-Scan und fMRT haben ergeben, dass verschiedene Hirnareale st\u00e4rker als im normalen Wachzustand aktiviert werden, w\u00e4hrend andere gehemmt werden. Dabei gibt es nicht nur einen Trancezustand, sondern unterschiedliche Trancezust\u00e4nde, die f\u00fcr verschiedene therapeutische Zwecke genutzt werden k\u00f6nnen.<\/p>\n<p class=\"subhead\">Klischees und Vorurteile in Bezug auf Hypnose:<\/p>\n<p class=\"textflie\u00df\">Viele Menschen glauben, dass sie in der Hypnose die Kontrolle verlieren, bewusstlos sind und sich nicht gegen die Eingebungen des Hypnotiseurs wehren k\u00f6nnen. Dies wird durch Showhypnose (Schnellhypnose) aus den Medien noch unterst\u00fctzt. Fakt ist aber, dass nur 15 bis 20 Prozent der Menschen \u00fcberhaupt in solch einen Sonderzustand gelangen k\u00f6nnen. Dieser h\u00e4lt auch nur kurz an (1-2 Stunden) und ist auch kein seri\u00f6ses Mittel, um therapeutische Hilfe anzubieten.<br \/>Mein Ziel ist es aber, Sie kompetent und sicher bei Ihren pers\u00f6nlichen Problemen oder Fragestellungen unter Einsatz von Hypnose zu unterst\u00fctzen und L\u00f6sungen finden zu k\u00f6nnen. Die Hypnose ist vielschichtig einsetzbar und aus meiner Sicht eine sehr wirkungsvolle, hilfreiche Methode zur Problembew\u00e4ltigung, mit der ich sehr gute Erfahrungen gemacht habe.<br \/>Sie werden zu Beginn ausf\u00fchrlich aufgekl\u00e4rt, wie eine Hypnose-Sitzung je nach Problem oder Fragestellung ablaufen wird, unter welchen Voraussetzungen diese durchgef\u00fchrt werden wird und welche Alternativen Sie evtl. h\u00e4tten. Sie werden sicher durch die Hypnose gef\u00fchrt und behalten die Kontrolle, d.h., Sie k\u00f6nnen jederzeit abbrechen oder auf Misst\u00e4nde (wenn sie denn vorkommen sollten) aufmerksam machen. Ich werde Sie dann ggfs. sofort aus der Trance herausleiten.<\/p>\n<p>Selbstverst\u00e4ndlich beantworte ich Ihnen auch im Vorfeld alle aufkommenden Fragen.<\/p>\n<\/div>\n<\/div><\/div><\/div><\/div><\/div><div id=\"pg-23-2\"  class=\"panel-grid panel-has-style\" ><div class=\"panel-row-style panel-row-style-for-23-2\" ><div id=\"pgc-23-2-0\"  class=\"panel-grid-cell\" ><div id=\"panel-23-2-0-0\" class=\"so-panel widget widget_sow-editor panel-first-child panel-last-child\" data-index=\"2\" ><div\n\t\t\t\n\t\t\tclass=\"so-widget-sow-editor so-widget-sow-editor-base\"\n\t\t\t\n\t\t>\n<div class=\"siteorigin-widget-tinymce textwidget\">\n\t<h3>Psychologische Beratung<\/h3>\n<p class=\"subhead\"><strong>Coaching und Beratung<\/strong><\/p>\n<p>Wie l\u00f6st man zielorientiert und konstruktiv Probleme?<br \/>Wie verhalte ich mich in schwierigen Situationen richtig?<br \/>Was kann ich tun, damit ich mich bei Belastungen privater oder beruflicher Art wieder besser f\u00fchle?<br \/>Fragen, die uns alle mehr als einmal qu\u00e4len und die manchmal nur schwer l\u00f6sbar erscheinen.<\/p>\n<p>In beruflichen Konfliktsituationen oder allgemein in Fragen der Lebenshilfe,<br \/>bei der Kl\u00e4rung von schwierigen oder un\u00fcbersichtlichen Situationen oder komplizierten Entscheidungen, stehe ich Ihnen mit meinem Wissen,<br \/>fachspezifischen Mitteln und meiner Erfahrung als Psychologische Beraterin und Yogatherapeutin gerne zur Verf\u00fcgung.<\/p>\n<p><strong>Gemeinsam finden wir einen Weg!<\/strong><\/p>\n<\/div>\n<\/div><\/div><\/div><\/div><\/div><\/div>","protected":false},"excerpt":{"rendered":"<p>Thema HypnoseHypnose\/Hypnotische Tiefenentspannung:Die Hypnose ist ein wissenschaftlich anerkanntes Verfahren, durch das ein ver\u00e4nderter Bewusstseins- oder Gehirnaktivit\u00e4tszustand erreicht werden kann. Dieser kann unterschiedliche Auswirkungen haben. Messungen mit EEG, PET-Scan und fMRT haben ergeben, dass verschiedene Hirnareale st\u00e4rker als im normalen Wachzustand aktiviert werden, w\u00e4hrend andere gehemmt werden. Dabei gibt es nicht nur einen Trancezustand, sondern unterschiedliche&hellip;<\/p>\n<p class=\"more-link\"><a href=\"https:\/\/heidi-yoga.de\/wordpress\/psychologische-beratung\/\" class=\"themebutton\">Read More<\/a><\/p>\n","protected":false},"author":1,"featured_media":0,"parent":0,"menu_order":3,"comment_status":"closed","ping_status":"closed","template":"","meta":{"footnotes":""},"categories":[],"tags":[],"class_list":["post-23","page","type-page","status-publish","hentry"],"_links":{"self":[{"href":"https:\/\/heidi-yoga.de\/wordpress\/wp-json\/wp\/v2\/pages\/23","targetHints":{"allow":["GET"]}}],"collection":[{"href":"https:\/\/heidi-yoga.de\/wordpress\/wp-json\/wp\/v2\/pages"}],"about":[{"href":"https:\/\/heidi-yoga.de\/wordpress\/wp-json\/wp\/v2\/types\/page"}],"author":[{"embeddable":true,"href":"https:\/\/heidi-yoga.de\/wordpress\/wp-json\/wp\/v2\/users\/1"}],"replies":[{"embeddable":true,"href":"https:\/\/heidi-yoga.de\/wordpress\/wp-json\/wp\/v2\/comments?post=23"}],"version-history":[{"count":1,"href":"https:\/\/heidi-yoga.de\/wordpress\/wp-json\/wp\/v2\/pages\/23\/revisions"}],"predecessor-version":[{"id":156,"href":"https:\/\/heidi-yoga.de\/wordpress\/wp-json\/wp\/v2\/pages\/23\/revisions\/156"}],"wp:attachment":[{"href":"https:\/\/heidi-yoga.de\/wordpress\/wp-json\/wp\/v2\/media?parent=23"}],"wp:term":[{"taxonomy":"category","embeddable":true,"href":"https:\/\/heidi-yoga.de\/wordpress\/wp-json\/wp\/v2\/categories?post=23"},{"taxonomy":"post_tag","embeddable":true,"href":"https:\/\/heidi-yoga.de\/wordpress\/wp-json\/wp\/v2\/tags?post=23"}],"curies":[{"name":"wp","href":"https:\/\/api.w.org\/{rel}","templated":true}]}}