{"id":3127,"date":"2019-11-23T13:41:04","date_gmt":"2019-11-23T12:41:04","guid":{"rendered":"https:\/\/heidi-yoga.de\/wordpress\/?page_id=3127"},"modified":"2024-04-19T19:11:30","modified_gmt":"2024-04-19T17:11:30","slug":"was-ist-yoga","status":"publish","type":"page","link":"https:\/\/heidi-yoga.de\/wordpress\/was-ist-yoga\/","title":{"rendered":"Was ist Yoga?"},"content":{"rendered":"<div id=\"pl-3127\"  class=\"panel-layout\" ><div id=\"pg-3127-0\"  class=\"panel-grid panel-no-style\" ><div id=\"pgc-3127-0-0\"  class=\"panel-grid-cell\" ><div id=\"panel-3127-0-0-0\" class=\"so-panel widget widget_sow-editor panel-first-child panel-last-child\" data-index=\"0\" ><div class=\"panel-widget-style panel-widget-style-for-3127-0-0-0\" ><div\n\t\t\t\n\t\t\tclass=\"so-widget-sow-editor so-widget-sow-editor-base\"\n\t\t\t\n\t\t><h3 class=\"widget-title\">Was ist Yoga<\/h3>\n<div class=\"siteorigin-widget-tinymce textwidget\">\n\t<p><a href=\"https:\/\/heidi-yoga.de\/wordpress\/wp-content\/uploads\/2020\/02\/MG_2861-website.jpg\"><img loading=\"lazy\" decoding=\"async\" class=\"size-medium wp-image-3170 alignleft\" src=\"https:\/\/heidi-yoga.de\/wordpress\/wp-content\/uploads\/2020\/02\/MG_2861-website-300x171.jpg\" alt=\"\" width=\"300\" height=\"171\" srcset=\"https:\/\/heidi-yoga.de\/wordpress\/wp-content\/uploads\/2020\/02\/MG_2861-website-300x171.jpg 300w, https:\/\/heidi-yoga.de\/wordpress\/wp-content\/uploads\/2020\/02\/MG_2861-website-1024x584.jpg 1024w, https:\/\/heidi-yoga.de\/wordpress\/wp-content\/uploads\/2020\/02\/MG_2861-website-768x438.jpg 768w, https:\/\/heidi-yoga.de\/wordpress\/wp-content\/uploads\/2020\/02\/MG_2861-website.jpg 1280w\" sizes=\"auto, (max-width: 300px) 100vw, 300px\" \/><\/a>Yoga ist Meditation in Yogastellungen (Asanas)<br \/>\nBeim Yoga werden geistige Konzentration, Atmung und anmutige K\u00f6rperbewegungen miteinander verbunden. Dabei liegt der Fokus auf achtsamem Ausf\u00fchren der Elemente des Hatha-Yogas. Ein grundlegendes Element sind also die sogenannten Asanas\u2013Bewegungen, bei denen \u00dcbungen gehalten werden oder in die andere flie\u00dfen \u2013 jeweils mit der Ein- bzw. Ausatmung verbunden. Es ist der Wechsel zwischen Kraft und Entspannung, zwischen Dynamik und Ruhe \u2013 immer begleitet durch eine bewusste Atmung.<\/p>\n<p>Charakteristisch f\u00fcr diesen Stil ist, dass er bei der Betrachtung des K\u00f6rpers \u00fcber die rein anatomische Struktur hinaus ber\u00fccksichtigt, dass u.a. auch die Ern\u00e4hrung, Emotionen, Verletzungen und Gedanken im K\u00f6rper gespeichert werden und f\u00fcr Verspannungen und Energieblockaden sorgen. Hatha Yoga will diese aufl\u00f6sen, damit die Lebensenergie, die in jedem von uns steckt, frei flie\u00dfen kann. Daher steht im Hatha Yoga Energiearbeit mit dem eigenen K\u00f6rper im Vordergrund der Yogapraxis.<\/p>\n<h3>F\u00fcr wen ist Yoga geeignet?<\/h3>\n<p>Jede und jeder kann <strong>Yoga<\/strong> \u00fcben \u2013 sofern keine akute Verletzung vorliegt oder der Arzt \/ die \u00c4rztin davon abr\u00e4t! Je nachdem, wo der Schwerpunkt gelegt wird, kann eine <strong>Yoga<\/strong>-\u00dcbungseinheit meditativ entspannend sein oder k\u00f6rperlich sehr herausfordernd.<br \/>\nDie \u00dcbungsfolgen lassen Sie erkennen, wo Sie aus dem Gleichgewicht geraten sind und stellen die Balance wieder her. Insbesondere wenn Sie unter Druck stehen und nerv\u00f6s sind, helfen Ihnen die \u00dcbungen, die Spannung abzubauen, K\u00f6rper und Geist wieder zu harmonisieren und neue Energie zu tanken.<\/p>\n<\/div>\n<\/div><\/div><\/div><\/div><\/div><div id=\"pg-3127-1\"  class=\"panel-grid panel-no-style\" ><div id=\"pgc-3127-1-0\"  class=\"panel-grid-cell\" ><div id=\"panel-3127-1-0-0\" class=\"so-panel widget widget_sow-editor panel-first-child\" data-index=\"1\" ><div class=\"panel-widget-style panel-widget-style-for-3127-1-0-0\" ><div\n\t\t\t\n\t\t\tclass=\"so-widget-sow-editor so-widget-sow-editor-base\"\n\t\t\t\n\t\t><h3 class=\"widget-title\">Wann, wie oft und wie lange sollte man \u00fcben?<\/h3>\n<div class=\"siteorigin-widget-tinymce textwidget\">\n\t<p>Die Dauer Ihrer \u00dcbungspraxis k\u00f6nnen Sie grunds\u00e4tzlich selbst bestimmen \u2013 je nachdem, wie viel Zeit Sie sich lassen m\u00f6chten oder wie dynamisch oder langsam Sie die Abfolgen \u00fcben. Manchmal gibt es Zeiten, die so dicht sind, dass Sie sich keine Stunde freimachen k\u00f6nnen. Die von mir zusammengestellten Programme k\u00f6nnen gut auch in einer k\u00fcrzeren Zeitspanne ihre Wirkung entfalten \u2013 das ist immer noch besser, als gar nicht zu \u00fcben!<\/p>\n<p>Es ist nicht die Dauer oder Intensit\u00e4t einer \u00dcbungspraxis, die entscheidend f\u00fcr den nachhaltigen Erfolg ist. Es ist vor allem die Regelm\u00e4\u00dfigkeit und Ausdauer. Am Besten wirken kurze \u00dcbungssequenzen, die jeden Tag zur gleichen Zeit mit derselben (oder leicht ver\u00e4nderten) \u00dcbungsfolge ausgef\u00fchrt werden \u2013 und das \u00fcber einen l\u00e4ngeren Zeitraum. Es braucht Zeit, um alte Gewohnheiten zu ver\u00e4ndern und Neues zu integrieren. \u00dcben Sie sich v.a. in Geduld und erlauben Sie so der Zeit und Regelm\u00e4\u00dfigkeit f\u00fcr Sie zu arbeiten.<\/p>\n<p>Wenn Sie morgens \u00fcben wollen, geben Sie sich und Ihren Gelenken Zeit, um in die G\u00e4nge zu kommen \u2013 bewegen Sie sich langsam und bewusst. Beginnen Sie mit kleinen Bewegungen. Die dynamischen Bewegungsfolgen (wie der Sonnengru\u00df oder die 5 Tibeter) aktivieren den gesamten Organismus: Das Nervensystem wird stimuliert, der Kreislauf angeregt, Durchblutung und Atmung werden verst\u00e4rkt. Dieser Frischekick am Morgen wird sich den ganzen Tag positiv auf Ihr Befinden auswirken.<\/p>\n<p>Wenn Sie am Abend \u00fcben, stehen Sie vor einer anderen Ausgangssituation: Sie haben ggf. einen ereignisreichen Tag hinter sich, der hohe Anforderungen an Sie gestellt hat und den die meisten von uns sitzend verbracht haben. Angespannt und unter Druck stehend f\u00e4llt es vielen schwer, sich ruhig hinzusetzen und zu entspannen oder gar zu meditieren. Manchmal kann es wichtiger sein, erst einmal mit dynamischen Bewegungsfolgen Druck abzubauen, damit der K\u00f6rper lockerer und der Kopf freier ist.<a name=\"meditation\"><\/a><\/p>\n<\/div>\n<\/div><\/div><\/div><div id=\"panel-3127-1-0-1\" class=\"so-panel widget widget_sow-editor panel-last-child\" data-index=\"2\" ><div class=\"panel-widget-style panel-widget-style-for-3127-1-0-1\" ><div\n\t\t\t\n\t\t\tclass=\"so-widget-sow-editor so-widget-sow-editor-base\"\n\t\t\t\n\t\t>\n<div class=\"siteorigin-widget-tinymce textwidget\">\n\t<hr \/>\n<\/div>\n<\/div><\/div><\/div><\/div><\/div><div id=\"pg-3127-2\"  class=\"panel-grid panel-no-style\" ><div id=\"pgc-3127-2-0\"  class=\"panel-grid-cell\" ><div id=\"panel-3127-2-0-0\" class=\"so-panel widget widget_sow-editor panel-first-child\" data-index=\"3\" ><div class=\"panel-widget-style panel-widget-style-for-3127-2-0-0\" ><div\n\t\t\t\n\t\t\tclass=\"so-widget-sow-editor so-widget-sow-editor-base\"\n\t\t\t\n\t\t><h3 class=\"widget-title\">Meditation<\/h3>\n<div class=\"siteorigin-widget-tinymce textwidget\">\n\t<p><a href=\"http:\/\/heidi-yoga.de\/wordpress\/wp-content\/uploads\/2016\/12\/medtitle.jpg\"><img loading=\"lazy\" decoding=\"async\" class=\"alignleft size-medium wp-image-96\" src=\"http:\/\/heidi-yoga.de\/wordpress\/wp-content\/uploads\/2016\/12\/medtitle-300x200.jpg\" alt=\"\" width=\"300\" height=\"200\" srcset=\"https:\/\/heidi-yoga.de\/wordpress\/wp-content\/uploads\/2016\/12\/medtitle-300x200.jpg 300w, https:\/\/heidi-yoga.de\/wordpress\/wp-content\/uploads\/2016\/12\/medtitle-570x380.jpg 570w, https:\/\/heidi-yoga.de\/wordpress\/wp-content\/uploads\/2016\/12\/medtitle-380x254.jpg 380w, https:\/\/heidi-yoga.de\/wordpress\/wp-content\/uploads\/2016\/12\/medtitle-285x190.jpg 285w, https:\/\/heidi-yoga.de\/wordpress\/wp-content\/uploads\/2016\/12\/medtitle-272x182.jpg 272w, https:\/\/heidi-yoga.de\/wordpress\/wp-content\/uploads\/2016\/12\/medtitle.jpg 600w\" sizes=\"auto, (max-width: 300px) 100vw, 300px\" \/><\/a>Meditation ist eine in vielen Religionen und Kulturen ge\u00fcbte spirituelle Praxis. (lateinisch meditatio = \u201eAusrichtung zur Mitte\u201c von lateinisch medius: \u201emittlerer\u201c, n. medium: \u201edie Mitte\u201c; auch in der Bedeutung \u201edas Nachdenken \u00fcber\u201c).<\/p>\n<p>Durch Achtsamkeits- oder Konzentrations\u00fcbungen soll sich der Geist beruhigen und sammeln. In \u00f6stlichen Kulturen gilt sie als eine grundlegende und zentrale bewusstseinserweiternde \u00dcbung. Die angestrebten Bewusstseinszust\u00e4nde werden, je nach Tradition, unterschiedlich und oft mit Begriffen wie Stille, Leere, Eins-Sein, im Hier und Jetzt sein oder frei von Gedanken sein beschrieben.<\/p>\n<p>Die fern\u00f6stlichen Meditationstechniken werden in den letzten Jahren immer mehr durch die modernen Neurowissentschaften studiert und analysiert. Erkenntnisse zeigen das enorme Potential dieser Techniken f\u00fcr die Entwicklung und Erhaltung geistiger, psychischer und physischer Gesundheit und Stabilit\u00e4t. Die moderne Hirnforschung, Psychologie und Medizin erkennen nun mehr den reichhaltigen Schatz an Wissen \u00fcber die Natur des menschlichen Geistes und der k\u00f6perlichen, geistigen und seelischen Zusammenh\u00e4nge, welche sich durch ganz im yogischen Geist seinen Niederschlag in praktischen Anleitungen, methodischen Anwendungen und einfachen Regeln zur Lebenshilfe findet.<br \/>Erleben Sie die geistige und k\u00f6rperlichen Wirkung der Meditation, gewinnen Sie geistige Klarheit, emotionale Stabilit\u00e4t und tiefe innere Freude.<a name=\"yogatherapie\"><\/a><\/p>\n<\/div>\n<\/div><\/div><\/div><div id=\"panel-3127-2-0-1\" class=\"so-panel widget widget_sow-editor panel-last-child\" data-index=\"4\" ><div class=\"panel-widget-style panel-widget-style-for-3127-2-0-1\" ><div\n\t\t\t\n\t\t\tclass=\"so-widget-sow-editor so-widget-sow-editor-base\"\n\t\t\t\n\t\t>\n<div class=\"siteorigin-widget-tinymce textwidget\">\n\t<hr \/>\n<\/div>\n<\/div><\/div><\/div><\/div><\/div><div id=\"pg-3127-3\"  class=\"panel-grid panel-no-style\" ><div id=\"pgc-3127-3-0\"  class=\"panel-grid-cell\" ><div id=\"panel-3127-3-0-0\" class=\"so-panel widget widget_sow-editor panel-first-child\" data-index=\"5\" ><div class=\"panel-widget-style panel-widget-style-for-3127-3-0-0\" ><div\n\t\t\t\n\t\t\tclass=\"so-widget-sow-editor so-widget-sow-editor-base\"\n\t\t\t\n\t\t><h3 class=\"widget-title\">Yoga-Therapie<\/h3>\n<div class=\"siteorigin-widget-tinymce textwidget\">\n\t<p><a href=\"http:\/\/heidi-yoga.de\/wordpress\/wp-content\/uploads\/2016\/10\/yogatherapie.jpg\"><img loading=\"lazy\" decoding=\"async\" class=\"alignleft size-medium wp-image-61\" src=\"http:\/\/heidi-yoga.de\/wordpress\/wp-content\/uploads\/2016\/10\/yogatherapie-300x200.jpg\" alt=\"\" width=\"300\" height=\"200\" srcset=\"https:\/\/heidi-yoga.de\/wordpress\/wp-content\/uploads\/2016\/10\/yogatherapie-300x200.jpg 300w, https:\/\/heidi-yoga.de\/wordpress\/wp-content\/uploads\/2016\/10\/yogatherapie-570x380.jpg 570w, https:\/\/heidi-yoga.de\/wordpress\/wp-content\/uploads\/2016\/10\/yogatherapie-380x254.jpg 380w, https:\/\/heidi-yoga.de\/wordpress\/wp-content\/uploads\/2016\/10\/yogatherapie-285x190.jpg 285w, https:\/\/heidi-yoga.de\/wordpress\/wp-content\/uploads\/2016\/10\/yogatherapie.jpg 600w\" sizes=\"auto, (max-width: 300px) 100vw, 300px\" \/><\/a><strong>Inhalte einer Yoga-Therapie:<\/strong><\/p>\n<p>\u2022 Intensives Erst-Gespr\u00e4ch <br \/>\u2022 Erstellung eines pers\u00f6nlichen Therapieplans mit Yoga-Asanas, Atem- und Reinigungs\u00fcbungen <br \/>\u2022 Ern\u00e4hrungsempfehlungen gem\u00e4\u00df ayurved. Konstitutionstyp <br \/>\u2022 Aktiv werden: Erlernen der indiviuellen \u00dcbungen <br \/>\u2022 Regelm\u00e4\u00dfige \u00dcberpr\u00fcfung der Befindlichkeit sowie Anpassung des Planes<\/p>\n<p>Yoga-Therapie ist der gezielte Einsatz eines individuell gestalteten Yogaprogramms zur Unterst\u00fctzung der Behandlung bestimmter Krankheitsbilder.<br \/>Durch die vollkommen nebenwirkungsfreie Anwendung von Yogatechniken k\u00f6nnen zahlreiche Beschwerden gelindert oder auch geheilt werden.<a name=\"einzelstunden\"><\/a><\/p>\n<\/div>\n<\/div><\/div><\/div><div id=\"panel-3127-3-0-1\" class=\"so-panel widget widget_sow-editor panel-last-child\" data-index=\"6\" ><div class=\"panel-widget-style panel-widget-style-for-3127-3-0-1\" ><div\n\t\t\t\n\t\t\tclass=\"so-widget-sow-editor so-widget-sow-editor-base\"\n\t\t\t\n\t\t>\n<div class=\"siteorigin-widget-tinymce textwidget\">\n\t<hr \/>\n<\/div>\n<\/div><\/div><\/div><\/div><\/div><div id=\"pg-3127-4\"  class=\"panel-grid panel-no-style\" ><div id=\"pgc-3127-4-0\"  class=\"panel-grid-cell\" ><div id=\"panel-3127-4-0-0\" class=\"so-panel widget widget_sow-editor panel-first-child\" data-index=\"7\" ><div class=\"panel-widget-style panel-widget-style-for-3127-4-0-0\" ><div\n\t\t\t\n\t\t\tclass=\"so-widget-sow-editor so-widget-sow-editor-base\"\n\t\t\t\n\t\t><h3 class=\"widget-title\">Einzelstunden<\/h3>\n<div class=\"siteorigin-widget-tinymce textwidget\">\n\t<p><strong>Personal Yoga &amp; Meditation<\/strong><br \/><strong>Individuelle Betreuung und Ausbildung<\/strong><\/p>\n<p>Gem\u00e4\u00df dem Grundsatz der Yogatradition \"Jeder Mensch ist anders und befindet sich in permanenter Ver\u00e4nderung\" ist Personal Yoga die wohl effektivste Art, \u00fcber Yoga-Techniken zu den gew\u00fcnschten Ergebnissen zu kommen. <br \/>Yogastunden in einem pers\u00f6nlichen, individuellen Rahmen sind ganz auf Ihre Situation abgestimmt und werden nach Ihren W\u00fcnschen und Vorstellungen aufgebaut. Sie erhalten bei Interesse Tipps f\u00fcr den Alltag und einen \u00dcbungsplan und werden individuell begleitet.<\/p>\n<p>Zeiten k\u00f6nnen individuell abgesprochen werden.  Das Training kann sowohl bei mir im Yoga-Studio als auch an einem Ort Ihrer Wahl stattfinden.<a name=\"business\"><\/a><\/p>\n<\/div>\n<\/div><\/div><\/div><div id=\"panel-3127-4-0-1\" class=\"so-panel widget widget_sow-editor panel-last-child\" data-index=\"8\" ><div\n\t\t\t\n\t\t\tclass=\"so-widget-sow-editor so-widget-sow-editor-base\"\n\t\t\t\n\t\t>\n<div class=\"siteorigin-widget-tinymce textwidget\">\n\t<hr \/>\n<\/div>\n<\/div><\/div><\/div><\/div><div id=\"pg-3127-5\"  class=\"panel-grid panel-no-style\" ><div id=\"pgc-3127-5-0\"  class=\"panel-grid-cell\" ><div id=\"panel-3127-5-0-0\" class=\"so-panel widget widget_sow-editor panel-first-child\" data-index=\"9\" ><div class=\"panel-widget-style panel-widget-style-for-3127-5-0-0\" ><div\n\t\t\t\n\t\t\tclass=\"so-widget-sow-editor so-widget-sow-editor-base\"\n\t\t\t\n\t\t><h3 class=\"widget-title\">Business-Yoga und Meditation<\/h3>\n<div class=\"siteorigin-widget-tinymce textwidget\">\n\t<p><a href=\"http:\/\/heidi-yoga.de\/wordpress\/wp-content\/uploads\/2016\/10\/business.jpg\"><img loading=\"lazy\" decoding=\"async\" class=\"alignleft size-medium wp-image-63\" src=\"http:\/\/heidi-yoga.de\/wordpress\/wp-content\/uploads\/2016\/10\/business-300x200.jpg\" alt=\"\" width=\"300\" height=\"200\" srcset=\"https:\/\/heidi-yoga.de\/wordpress\/wp-content\/uploads\/2016\/10\/business-300x200.jpg 300w, https:\/\/heidi-yoga.de\/wordpress\/wp-content\/uploads\/2016\/10\/business-570x380.jpg 570w, https:\/\/heidi-yoga.de\/wordpress\/wp-content\/uploads\/2016\/10\/business-380x254.jpg 380w, https:\/\/heidi-yoga.de\/wordpress\/wp-content\/uploads\/2016\/10\/business-285x190.jpg 285w, https:\/\/heidi-yoga.de\/wordpress\/wp-content\/uploads\/2016\/10\/business.jpg 600w\" sizes=\"auto, (max-width: 300px) 100vw, 300px\" \/><\/a><strong>Gesundheitsf\u00f6rderung am Arbeitsplatz<\/strong><\/p>\n<p class=\"\">Ich biete im Umkreis von Haan eine ganzheitliche und effektive Gesundheitsf\u00f6rderung:\u00a0Business Yoga bzw. Yoga im Office. Dadurch f\u00fchre ich Mitarbeiter\/ innen zu mehr Entspannung, Vitalit\u00e4t und Wohlbefinden.<\/p>\n<p class=\"\">Im Rahmen einer Business Yoga Einheit werden Yoga\u00fcbungen der modernen Arbeitswelt angepasst und vermittelt.\u00a0Effektive K\u00f6rper- und Atem\u00fcbungen, sowie Konzentration und Entspannungstechniken wirken gegen Beschwerden, die beispielsweise\u00a0auf zuviel Sitzen, einseitige k\u00f6rperliche Belastung oder einen zu hohen Stress-Level zur\u00fcckgef\u00fchrt werden k\u00f6nnen.<\/p>\n<p class=\"\">Yoga ist f\u00fcr jede Berufsgruppe geeignet, wenn es entsprechend angepasst wird. Die \u00dcbungen werden so angepasst, dass sie f\u00fcr jede und jeden durchf\u00fchrbar sind.<\/p>\n<p class=\"\">Business Yoga - Die Wirkungen:<\/p>\n<ul>\n<li>\u2022 L\u00f6sung von Verspannungen<\/li>\n<li>\u2022 Kr\u00e4ftigung und Flexibilit\u00e4t des K\u00f6rpers<\/li>\n<li>\u2022 Abbau von Mentalem Stress<\/li>\n<li>\u2022 Steigerung von Atemqualit\u00e4t<\/li>\n<li>\u2022 Steigerung von Leistungsf\u00e4higkeit<\/li>\n<li>\u2022 Steigerung von Stress<\/li>\n<\/ul>\n<p><a name=\"kinderyoga\"><\/a><\/p>\n<\/div>\n<\/div><\/div><\/div><div id=\"panel-3127-5-0-1\" class=\"so-panel widget widget_sow-editor panel-last-child\" data-index=\"10\" ><div\n\t\t\t\n\t\t\tclass=\"so-widget-sow-editor so-widget-sow-editor-base\"\n\t\t\t\n\t\t>\n<div class=\"siteorigin-widget-tinymce textwidget\">\n\t<hr \/>\n<\/div>\n<\/div><\/div><\/div><\/div><div id=\"pg-3127-6\"  class=\"panel-grid panel-no-style\" ><div id=\"pgc-3127-6-0\"  class=\"panel-grid-cell\" ><div id=\"panel-3127-6-0-0\" class=\"so-panel widget widget_sow-editor panel-first-child\" data-index=\"11\" ><div class=\"panel-widget-style panel-widget-style-for-3127-6-0-0\" ><div\n\t\t\t\n\t\t\tclass=\"so-widget-sow-editor so-widget-sow-editor-base\"\n\t\t\t\n\t\t><h3 class=\"widget-title\">Kinder-Yoga<\/h3>\n<div class=\"siteorigin-widget-tinymce textwidget\">\n\t<p><a href=\"http:\/\/heidi-yoga.de\/wordpress\/wp-content\/uploads\/2016\/12\/kinderyoga.jpg\"><img loading=\"lazy\" decoding=\"async\" class=\"alignleft size-medium wp-image-93\" src=\"http:\/\/heidi-yoga.de\/wordpress\/wp-content\/uploads\/2016\/12\/kinderyoga-300x200.jpg\" alt=\"\" width=\"300\" height=\"200\" srcset=\"https:\/\/heidi-yoga.de\/wordpress\/wp-content\/uploads\/2016\/12\/kinderyoga-300x200.jpg 300w, https:\/\/heidi-yoga.de\/wordpress\/wp-content\/uploads\/2016\/12\/kinderyoga-570x380.jpg 570w, https:\/\/heidi-yoga.de\/wordpress\/wp-content\/uploads\/2016\/12\/kinderyoga-380x254.jpg 380w, https:\/\/heidi-yoga.de\/wordpress\/wp-content\/uploads\/2016\/12\/kinderyoga-285x190.jpg 285w, https:\/\/heidi-yoga.de\/wordpress\/wp-content\/uploads\/2016\/12\/kinderyoga.jpg 600w\" sizes=\"auto, (max-width: 300px) 100vw, 300px\" \/><\/a><strong>Warum Yoga speziell f\u00fcr Kinder?\"<\/strong><\/p>\n<p>Ein Privileg der Kindheit ist, seinen K\u00f6rper zu entdecken und zu genie\u00dfen...\"<br \/>\nYoga als uralter indischer \u00dcbungsweg kann Kindern dazu verhelfen, sich den Anforderungen von heute mit mehr Ausgeglichenheit und Selbstbewusstsein zu stellen.<\/p>\n<\/div>\n<\/div><\/div><\/div><div id=\"panel-3127-6-0-1\" class=\"so-panel widget widget_sow-editor panel-last-child\" data-index=\"12\" ><div\n\t\t\t\n\t\t\tclass=\"so-widget-sow-editor so-widget-sow-editor-base\"\n\t\t\t\n\t\t>\n<div class=\"siteorigin-widget-tinymce textwidget\">\n\t<hr \/>\n<\/div>\n<\/div><\/div><\/div><\/div><div id=\"pg-3127-7\"  class=\"panel-grid panel-has-style\" ><div class=\"panel-row-style panel-row-style-for-3127-7\" ><div id=\"pgc-3127-7-0\"  class=\"panel-grid-cell\" ><div id=\"panel-3127-7-0-0\" class=\"so-panel widget widget_sow-editor panel-first-child\" data-index=\"13\" ><div class=\"panel-widget-style panel-widget-style-for-3127-7-0-0\" ><div\n\t\t\t\n\t\t\tclass=\"so-widget-sow-editor so-widget-sow-editor-base\"\n\t\t\t\n\t\t>\n<div class=\"siteorigin-widget-tinymce textwidget\">\n\t<h3><strong>K\u00f6rperliche Ziele<\/strong><\/h3>\n<\/div>\n<\/div><\/div><\/div>\r\n<ul class=\"list iconfont\">\r\n\t\t<li style=\"margin-left: 1px;\"><i class=\"fa fa-play\"><\/i>Entwicklung der K\u00f6rperwahrnehmung und Motorik<\/li>\r\n\t\t<li><i class=\"fa fa-play\"><\/i>Ausgleich zum Bewegungsmangel<\/li>\r\n\t\t<li><i class=\"fa fa-play\"><\/i>F\u00f6rderung der Koordinationsf\u00e4higkeit<\/li>\r\n\t\t<li><i class=\"fa fa-play\"><\/i>Verbesserung der Haltung der Wirbels\u00e4ule<\/li>\r\n\t\t<li><i class=\"fa fa-play\"><\/i>Erleben von nat\u00fcrlicher k\u00f6rperlicher Ausgeglichenheit und Entspannung<\/li>\r\n<\/ul>\r\n\r\n<div id=\"panel-3127-7-0-2\" class=\"so-panel widget widget_sow-editor\" data-index=\"15\" ><div class=\"panel-widget-style panel-widget-style-for-3127-7-0-2\" ><div\n\t\t\t\n\t\t\tclass=\"so-widget-sow-editor so-widget-sow-editor-base\"\n\t\t\t\n\t\t>\n<div class=\"siteorigin-widget-tinymce textwidget\">\n\t<h3><strong>Psychische Ziele<\/strong><\/h3>\n<\/div>\n<\/div><\/div><\/div>\r\n<ul class=\"list iconfont\">\r\n\t\t<li style=\"margin-left: 1px;\"><i class=\"fa fa-play\"><\/i>Entwicklung von Selbst- und Fremdwahrnehmung <\/li>\r\n\t\t<li><i class=\"fa fa-play\"><\/i>Entwicklung der Vorstellungskraft durch Phantasiereisen und Singen <\/li>\r\n\t\t<li><i class=\"fa fa-play\"><\/i>Entwicklung von Aufmerksamkeit und Konzentrationsf\u00e4higkeit <\/li>\r\n\t\t<li><i class=\"fa fa-play\"><\/i>Entwicklung von Geduld und Ausdauer <\/li>\r\n\t\t<li><i class=\"fa fa-play\"><\/i>F\u00f6rderung der Leistungsf\u00e4higkeiteit und Entspannung<\/li>\r\n\t\t<li><i class=\"fa fa-play\"><\/i>St\u00e4rkung des Selbstwertgef\u00fchls durch positives Erleben ohne Leistungsdruck<\/li>\r\n<\/ul>\r\n\r\n<\/div><\/div><\/div><\/div>","protected":false},"excerpt":{"rendered":"<p>Yoga ist Meditation in Yogastellungen (Asanas) Beim Yoga werden geistige Konzentration, Atmung und anmutige K\u00f6rperbewegungen miteinander verbunden. Dabei liegt der Fokus auf achtsamem Ausf\u00fchren der Elemente des Hatha-Yogas. Ein grundlegendes Element sind also die sogenannten Asanas\u2013Bewegungen, bei denen \u00dcbungen gehalten werden oder in die andere flie\u00dfen \u2013 jeweils mit der Ein- bzw. Ausatmung verbunden. Es&hellip;<\/p>\n<p class=\"more-link\"><a href=\"https:\/\/heidi-yoga.de\/wordpress\/was-ist-yoga\/\" class=\"themebutton\">Read More<\/a><\/p>\n","protected":false},"author":1,"featured_media":0,"parent":0,"menu_order":1,"comment_status":"closed","ping_status":"open","template":"","meta":{"footnotes":""},"categories":[],"tags":[],"class_list":["post-3127","page","type-page","status-publish","hentry"],"_links":{"self":[{"href":"https:\/\/heidi-yoga.de\/wordpress\/wp-json\/wp\/v2\/pages\/3127","targetHints":{"allow":["GET"]}}],"collection":[{"href":"https:\/\/heidi-yoga.de\/wordpress\/wp-json\/wp\/v2\/pages"}],"about":[{"href":"https:\/\/heidi-yoga.de\/wordpress\/wp-json\/wp\/v2\/types\/page"}],"author":[{"embeddable":true,"href":"https:\/\/heidi-yoga.de\/wordpress\/wp-json\/wp\/v2\/users\/1"}],"replies":[{"embeddable":true,"href":"https:\/\/heidi-yoga.de\/wordpress\/wp-json\/wp\/v2\/comments?post=3127"}],"version-history":[{"count":2,"href":"https:\/\/heidi-yoga.de\/wordpress\/wp-json\/wp\/v2\/pages\/3127\/revisions"}],"predecessor-version":[{"id":3140,"href":"https:\/\/heidi-yoga.de\/wordpress\/wp-json\/wp\/v2\/pages\/3127\/revisions\/3140"}],"wp:attachment":[{"href":"https:\/\/heidi-yoga.de\/wordpress\/wp-json\/wp\/v2\/media?parent=3127"}],"wp:term":[{"taxonomy":"category","embeddable":true,"href":"https:\/\/heidi-yoga.de\/wordpress\/wp-json\/wp\/v2\/categories?post=3127"},{"taxonomy":"post_tag","embeddable":true,"href":"https:\/\/heidi-yoga.de\/wordpress\/wp-json\/wp\/v2\/tags?post=3127"}],"curies":[{"name":"wp","href":"https:\/\/api.w.org\/{rel}","templated":true}]}}