{"id":35,"date":"2016-11-19T16:29:22","date_gmt":"2016-11-19T15:29:22","guid":{"rendered":"http:\/\/test.u-hoelzel.com\/?page_id=35"},"modified":"2024-04-19T18:25:50","modified_gmt":"2024-04-19T16:25:50","slug":"startseite","status":"publish","type":"page","link":"https:\/\/heidi-yoga.de\/wordpress\/","title":{"rendered":"Startseite"},"content":{"rendered":"<div id=\"pl-35\"  class=\"panel-layout\" ><div id=\"pg-35-0\"  class=\"panel-grid panel-no-style\" ><div id=\"pgc-35-0-0\"  class=\"panel-grid-cell\" ><div id=\"panel-35-0-0-0\" class=\"so-panel widget widget_black-studio-tinymce widget_black_studio_tinymce panel-first-child panel-last-child\" data-index=\"0\" ><div class=\"textwidget\"><hr noshade=\"noshade\" size=\"1\" \/>\n<\/div><\/div><\/div><\/div><div id=\"pg-35-1\"  class=\"panel-grid panel-no-style\" ><div id=\"pgc-35-1-0\"  class=\"panel-grid-cell\" ><div id=\"panel-35-1-0-0\" class=\"so-panel widget widget_sow-editor panel-first-child panel-last-child\" data-index=\"1\" ><div class=\"panel-widget-style panel-widget-style-for-35-1-0-0\" ><div\n\t\t\t\n\t\t\tclass=\"so-widget-sow-editor so-widget-sow-editor-base\"\n\t\t\t\n\t\t>\n<div class=\"siteorigin-widget-tinymce textwidget\">\n\t<h2><a href=\"https:\/\/heidi-yoga.de\/wordpress\/wp-content\/uploads\/2024\/04\/om-zeichen2.jpg\"><img loading=\"lazy\" decoding=\"async\" class=\"alignleft size-full wp-image-3259\" src=\"https:\/\/heidi-yoga.de\/wordpress\/wp-content\/uploads\/2024\/04\/om-zeichen2.jpg\" alt=\"\" width=\"158\" height=\"149\" \/><\/a>Die Motivation<\/h2>\n<p>Es wird immer wichtiger, gesund zu leben. Regelm\u00e4\u00dfiger Sport\/Bewegung, ausgewogene Ern\u00e4hrung, genug Schlaf. Jeder hat da sein eigenes Rezept. Die Bewegungsart, die sich schon seit einiger Zeit gr\u00f6\u00dfter Beliebtheit erfreut, ist Yoga. Denn beim Yoga geht es nicht darum, sich k\u00f6rperlich zu verausgaben, sondern auch, geistig loszulassen und sich physisch und mental zu st\u00e4rken. K\u00f6rper Geist und Seele, ein ganzheitlicher Weg.<\/p>\n<\/div>\n<\/div><\/div><\/div><\/div><\/div><div id=\"pg-35-2\"  class=\"panel-grid panel-no-style\" ><div id=\"pgc-35-2-0\"  class=\"panel-grid-cell\" ><div id=\"panel-35-2-0-0\" class=\"so-panel widget widget_black-studio-tinymce widget_black_studio_tinymce panel-first-child panel-last-child\" data-index=\"2\" ><div class=\"textwidget\"><hr noshade=\"noshade\" size=\"1\" \/>\n<\/div><\/div><\/div><\/div><div id=\"pg-35-3\"  class=\"panel-grid panel-no-style\" ><div id=\"pgc-35-3-0\"  class=\"panel-grid-cell\" ><div class=\"sc-carousel carousel-blog\" data-show=\"3\" data-scroll=\"1\" data-speed=\"500\" data-effect=\"fade\"><ul><\/ul><div class=\"caroufredsel_nav\"><a class=\"prev\" id=\"thinkupshortcodescarousel_blog_prev\" href=\"#\"><i class=\"fa fa-angle-left\"><\/i><\/a><a class=\"next\" id=\"thinkupshortcodescarousel_blog_next\" href=\"#\"><i class=\"fa fa-angle-right\"><\/i><\/a><\/div><div class=\"clearboth\"><\/div><\/div><\/div><\/div><\/div>","protected":false},"excerpt":{"rendered":"<p>Die Motivation Es wird immer wichtiger, gesund zu leben. Regelm\u00e4\u00dfiger Sport\/Bewegung, ausgewogene Ern\u00e4hrung, genug Schlaf. Jeder hat da sein eigenes Rezept. Die Bewegungsart, die sich schon seit einiger Zeit gr\u00f6\u00dfter Beliebtheit erfreut, ist Yoga. Denn beim Yoga geht es nicht darum, sich k\u00f6rperlich zu verausgaben, sondern auch, geistig loszulassen und sich physisch und mental zu&hellip;<\/p>\n<p class=\"more-link\"><a href=\"https:\/\/heidi-yoga.de\/wordpress\/\" class=\"themebutton\">Read More<\/a><\/p>\n","protected":false},"author":1,"featured_media":0,"parent":0,"menu_order":0,"comment_status":"closed","ping_status":"closed","template":"","meta":{"footnotes":""},"categories":[1],"tags":[],"class_list":["post-35","page","type-page","status-publish","hentry","category-allgemein"],"_links":{"self":[{"href":"https:\/\/heidi-yoga.de\/wordpress\/wp-json\/wp\/v2\/pages\/35","targetHints":{"allow":["GET"]}}],"collection":[{"href":"https:\/\/heidi-yoga.de\/wordpress\/wp-json\/wp\/v2\/pages"}],"about":[{"href":"https:\/\/heidi-yoga.de\/wordpress\/wp-json\/wp\/v2\/types\/page"}],"author":[{"embeddable":true,"href":"https:\/\/heidi-yoga.de\/wordpress\/wp-json\/wp\/v2\/users\/1"}],"replies":[{"embeddable":true,"href":"https:\/\/heidi-yoga.de\/wordpress\/wp-json\/wp\/v2\/comments?post=35"}],"version-history":[{"count":3,"href":"https:\/\/heidi-yoga.de\/wordpress\/wp-json\/wp\/v2\/pages\/35\/revisions"}],"predecessor-version":[{"id":110,"href":"https:\/\/heidi-yoga.de\/wordpress\/wp-json\/wp\/v2\/pages\/35\/revisions\/110"}],"wp:attachment":[{"href":"https:\/\/heidi-yoga.de\/wordpress\/wp-json\/wp\/v2\/media?parent=35"}],"wp:term":[{"taxonomy":"category","embeddable":true,"href":"https:\/\/heidi-yoga.de\/wordpress\/wp-json\/wp\/v2\/categories?post=35"},{"taxonomy":"post_tag","embeddable":true,"href":"https:\/\/heidi-yoga.de\/wordpress\/wp-json\/wp\/v2\/tags?post=35"}],"curies":[{"name":"wp","href":"https:\/\/api.w.org\/{rel}","templated":true}]}}